{"id":633,"date":"2022-03-21T07:42:33","date_gmt":"2022-03-21T07:42:33","guid":{"rendered":"https:\/\/ikbalambalaj.com\/about\/"},"modified":"2025-04-25T12:31:04","modified_gmt":"2025-04-25T12:31:04","slug":"kurumsal","status":"publish","type":"page","link":"https:\/\/ikbalambalaj.com\/en\/kurumsal\/","title":{"rendered":"Corporate"},"content":{"rendered":"<h1>\n\t\tCorporate\n\t<\/h1>\n\t<div class=\"ast-breadcrumbs-wrapper\">\n\t\t\t<div class=\"ast-breadcrumbs-inner\"><nav role=\"navigation\" aria-label=\"Breadcrumbs\" class=\"breadcrumb-trail breadcrumbs\" ><div class=\"ast-breadcrumbs\"><ul class=\"trail-items\" ><li  class=\"trail-item trail-end\"><span><a href=\"https:\/\/ikbalambalaj.com\/en\/\" rel=\"home\"><span >Home<\/span><\/a><\/span><\/li><\/ul><\/div><\/nav><\/div>\n\t\t<\/div>\n<h2>\n\t\tAbout Us\n\t<\/h2>\n\t<p><strong>Since 2001, \u0130kbal Ambalaj has been providing services to numerous national and international companies with its state-of-the-art machinery and experienced team, adhering to international standards.<\/strong><\/p>\n<p>In 2018, Ikbal Ambalaj embarked on a mission to deliver products at international standards by commencing the production of cardboard cassette calippo, sleeves, and cornets. Our services extend beyond the food and beverage sector, encompassing the printing and offset sector, where we expertly manufacture cardboard boxes, micro boxes, parcels, and more, all meeting international standards and quality criteria. With our modern machinery in line with international standards, we handle pre-printing and post-printing processes within our own facilities.<\/p>\n<p>At Ikbal Ambalaj, we take pride in offering our customers an exceptional experience in preserving and presenting their flavors. Our cardboard bowls, cornets, and sleeves provide an effective choice for the presentation of ice cream, milkshakes, frozen yogurt, and a variety of other products. Our products are hygienic, durable, and environmentally friendly.<\/p>\n<p>\u0130kbal Ambalaj, sadece T\u00fcrkiye&#8217;de de\u011fil ayn\u0131 zamanda uluslararas\u0131 d\u00fczeyde de karton ve ambalaj sekt\u00f6r\u00fcnde kaliteli hizmet sunmaktad\u0131r. M\u00fc\u015fteri memnuniyetine verdi\u011fimiz \u00f6nem ve kalite odakl\u0131 yakla\u015f\u0131m\u0131m\u0131z sayesinde, uluslararas\u0131 bir pazarda da sayg\u0131n bir konuma sahibiz.<\/p>\nAs \u0130kbal Ambalaj, our growth is driven by our focus on innovation and customer satisfaction. We are proud to offer the key to flavor and protection.<br \/>\n\u0130kbal Ambalaj olarak, lezzetin ve koruman\u0131n anahtar\u0131n\u0131 sunmaktan gurur duyuyoruz.\n<h2>\n\t\tProduction\n\t<\/h2>\n\t<blockquote>\n<h4><strong>Our facility carries out its activities with the latest technology fully automatic machines of the packaging industry.<br \/>\n<\/strong><\/h4>\n<\/blockquote>\n<p>All of our products are shipped to our customers with pallets and stretched. In this way, they are protected from dust, air pollution and various bacteria.<\/p>\n<p>We keep the products we store in logistic storage in a clean hygienic area at a suitable ambient temperature and humidity and prevent the deterioration of the quality of our products and ensure their long life.<\/p>\n\t\t\t\t<img decoding=\"async\" src=\"https:\/\/ikbalambalaj.com\/wp-content\/uploads\/2024\/01\/ikbal_white_logo.png\" alt=\"ikbal_white_logo\" title=\"ikbal_white_logo\" itemprop=\"image\"  \/>\n<h2>\n\t\tQuick Menu\n\t<\/h2>\n\t\t\t\t\t<ul id=\"menu-footer\"><li id=\"menu-item-3145\"><a href=\"https:\/\/ikbalambalaj.com\/en\/\">Home<\/a><\/li>\n<li id=\"menu-item-3147\"><a href=\"https:\/\/ikbalambalaj.com\/en\/kurumsal\/\">Corporate<\/a><\/li>\n<li id=\"menu-item-3150\"><a href=\"https:\/\/ikbalambalaj.com\/en\/urunlerimiz\/\">Our Products<\/a><\/li>\n<li id=\"menu-item-3148\"><a href=\"https:\/\/ikbalambalaj.com\/en\/multimedya\/\">Multimedia<\/a><\/li>\n<li id=\"menu-item-3149\"><a href=\"https:\/\/ikbalambalaj.com\/en\/sertifikalar\/\">Certificates<\/a><\/li>\n<li id=\"menu-item-3146\"><a href=\"https:\/\/ikbalambalaj.com\/en\/iletisim\/\">Contact<\/a><\/li>\n<\/ul>\t\n\t<h2>\n\t\tOur Products\n\t<\/h2>\n\t\t\t\t\t<ul id=\"menu-urunlerimiz\"><li id=\"menu-item-3471\"><a href=\"https:\/\/ikbalambalaj.com\/en\/urunlerimiz\/gida-kaplari\/\">G\u0131da Kaplar\u0131<\/a><\/li>\n<li id=\"menu-item-3478\"><a href=\"https:\/\/ikbalambalaj.com\/en\/urunlerimiz\/karton-kasaler\/\">Karton Kasaler<\/a><\/li>\n<li id=\"menu-item-3472\"><a href=\"https:\/\/ikbalambalaj.com\/en\/urunlerimiz\/karton-bardaklar\/\">Cardboard Cups<\/a><\/li>\n<li id=\"menu-item-3475\"><a href=\"https:\/\/ikbalambalaj.com\/en\/urunlerimiz\/kornet-kapaklari\/\">Kornet Karton Kapaklar\u0131<\/a><\/li>\n<li id=\"menu-item-3474\"><a href=\"https:\/\/ikbalambalaj.com\/en\/urunlerimiz\/kilif\/\">Cover<\/a><\/li>\n<li id=\"menu-item-3476\"><a href=\"https:\/\/ikbalambalaj.com\/en\/urunlerimiz\/kornet-urunleri\/\">Cornet Products<\/a><\/li>\n<li id=\"menu-item-3469\"><a href=\"https:\/\/ikbalambalaj.com\/en\/urunlerimiz\/calippo\/\">Calippo<\/a><\/li>\n<\/ul>\t\n\t<h2>\n\t\tContact\n\t<\/h2>\n<p><strong>P:<\/strong> +90 342 503 7446<\/p>\n<p><strong>F:<\/strong> +90 541 557 27 27<\/p>\n<p><strong>A :<\/strong> Organize Sanayi B\u00f6lgesi Mah. 26 Nolu Cadde No : 6 <strong>Kilis \/ Merkez<\/strong><\/p>\n<p><a href=\"https:\/\/api.whatsapp.com\/send?phone=+90%20342%20503%207446%20&amp;text=\"><strong>M :<\/strong> +90 541 557 27 27<\/a><\/p>\n<p><b>E-Posta : <\/b>info@ikbalambalaj.com<\/p>\n\t<p>Copyright \u00a9 2024 \u0130kbal Group \u00ae<\/p>\n\t<p>Web Design<strong><a href=\"https:\/\/www.digitalkure.com\/\" target=\"_blank\" rel=\"noopener\"> Digital K\u00fcre<\/a> \u00ae<\/strong><\/p>","protected":false},"excerpt":{"rendered":"<p>Hakk\u0131m\u0131zda \u0130kbal Ambalaj, 2001 y\u0131l\u0131ndan &hellip;<\/p>\n<p class=\"read-more\"> <a class=\"\" href=\"https:\/\/ikbalambalaj.com\/en\/kurumsal\/\"> <span class=\"screen-reader-text\">Corporate<\/span> Read More \u00bb<\/a><\/p>","protected":false},"author":2,"featured_media":0,"parent":0,"menu_order":0,"comment_status":"closed","ping_status":"closed","template":"","meta":{"_uag_custom_page_level_css":"","site-sidebar-layout":"no-sidebar","site-content-layout":"page-builder","ast-site-content-layout":"full-width-container","site-content-style":"unboxed","site-sidebar-style":"unboxed","ast-global-header-display":"","ast-banner-title-visibility":"","ast-main-header-display":"","ast-hfb-above-header-display":"","ast-hfb-below-header-display":"","ast-hfb-mobile-header-display":"","site-post-title":"disabled","ast-breadcrumbs-content":"","ast-featured-img":"disabled","footer-sml-layout":"","theme-transparent-header-meta":"disabled","adv-header-id-meta":"","stick-header-meta":"","header-above-stick-meta":"","header-main-stick-meta":"","header-below-stick-meta":"","astra-migrate-meta-layouts":"set","footnotes":""},"class_list":["post-633","page","type-page","status-publish","hentry"],"acf":[],"uagb_featured_image_src":{"full":false,"thumbnail":false,"medium":false,"medium_large":false,"large":false,"1536x1536":false,"2048x2048":false,"trp-custom-language-flag":false},"uagb_author_info":{"display_name":"Bora Y\u0131ld\u0131r\u0131m","author_link":"https:\/\/ikbalambalaj.com\/en\/author\/bora\/"},"uagb_comment_info":0,"uagb_excerpt":"Hakk\u0131m\u0131zda \u0130kbal Ambalaj, 2001 y\u0131l\u0131ndan &hellip; Kurumsal Read More \u00bb","_links":{"self":[{"href":"https:\/\/ikbalambalaj.com\/en\/wp-json\/wp\/v2\/pages\/633","targetHints":{"allow":["GET"]}}],"collection":[{"href":"https:\/\/ikbalambalaj.com\/en\/wp-json\/wp\/v2\/pages"}],"about":[{"href":"https:\/\/ikbalambalaj.com\/en\/wp-json\/wp\/v2\/types\/page"}],"author":[{"embeddable":true,"href":"https:\/\/ikbalambalaj.com\/en\/wp-json\/wp\/v2\/users\/2"}],"replies":[{"embeddable":true,"href":"https:\/\/ikbalambalaj.com\/en\/wp-json\/wp\/v2\/comments?post=633"}],"version-history":[{"count":12,"href":"https:\/\/ikbalambalaj.com\/en\/wp-json\/wp\/v2\/pages\/633\/revisions"}],"predecessor-version":[{"id":4101,"href":"https:\/\/ikbalambalaj.com\/en\/wp-json\/wp\/v2\/pages\/633\/revisions\/4101"}],"wp:attachment":[{"href":"https:\/\/ikbalambalaj.com\/en\/wp-json\/wp\/v2\/media?parent=633"}],"curies":[{"name":"wp","href":"https:\/\/api.w.org\/{rel}","templated":true}]}}