{"id":3328,"date":"2024-01-11T13:37:29","date_gmt":"2024-01-11T13:37:29","guid":{"rendered":"https:\/\/ikbalambalaj.com\/?page_id=3328"},"modified":"2024-01-16T11:38:18","modified_gmt":"2024-01-16T11:38:18","slug":"i-1505-mini-kilif","status":"publish","type":"page","link":"https:\/\/ikbalambalaj.com\/en\/urunlerimiz\/kilif\/i-1505-mini-kilif\/","title":{"rendered":"I-1505 Mini Cover"},"content":{"rendered":"<h1>\n\t\tI-1505 Mini Cover\n\t<\/h1>\n\t<div class=\"ast-breadcrumbs-wrapper\">\n\t\t\t<div class=\"ast-breadcrumbs-inner\"><nav role=\"navigation\" aria-label=\"Breadcrumbs\" class=\"breadcrumb-trail breadcrumbs\" ><div class=\"ast-breadcrumbs\"><ul class=\"trail-items\" ><li  class=\"trail-item trail-end\"><span><a href=\"https:\/\/ikbalambalaj.com\/en\/\" rel=\"home\"><span >Home<\/span><\/a><\/span><\/li><\/ul><\/div><\/nav><\/div>\n\t\t<\/div>\n\t\t\t\t<img loading=\"lazy\" decoding=\"async\" src=\"https:\/\/ikbalambalaj.com\/wp-content\/uploads\/2024\/01\/resim-301572_w660_.png\" alt=\"resim-301572_w660_\" itemprop=\"image\" height=\"660\" width=\"660\" title=\"resim-301572_w660_\" onerror=\"this.style.display='none'\"  \/>\n<h3>\n\t\tI-1505 Mini Cover\n\t<\/h3>\n\t<table style=\"width:100%;\">\n<tbody>\n<tr>\n<td style=\"width: 131.5px; text-align: center;\">A\u011eIZ \u00c7API<\/td>\n<td style=\"width: 131.5px; text-align: center;\">BOY<\/td>\n<\/tr>\n<tr>\n<td style=\"width: 131.5px; text-align: center;\">\u00a041,05 MM<\/td>\n<td style=\"width: 131.5px; text-align: center;\">\u00a0106.05 MM<\/td>\n<\/tr>\n<\/tbody>\n<\/table>\n\n\t\t\t\t<img decoding=\"async\" src=\"https:\/\/ikbalambalaj.com\/wp-content\/uploads\/2024\/01\/ikbal_white_logo.png\" alt=\"ikbal_white_logo\" title=\"ikbal_white_logo\" itemprop=\"image\"  \/>\n<h2>\n\t\tQuick Menu\n\t<\/h2>\n\t\t\t\t\t<ul id=\"menu-footer\"><li id=\"menu-item-3145\"><a href=\"https:\/\/ikbalambalaj.com\/en\/\">Home<\/a><\/li>\n<li id=\"menu-item-3147\"><a href=\"https:\/\/ikbalambalaj.com\/en\/kurumsal\/\">Corporate<\/a><\/li>\n<li id=\"menu-item-3150\"><a href=\"https:\/\/ikbalambalaj.com\/en\/urunlerimiz\/\">Our Products<\/a><\/li>\n<li id=\"menu-item-3148\"><a href=\"https:\/\/ikbalambalaj.com\/en\/multimedya\/\">Multimedia<\/a><\/li>\n<li id=\"menu-item-3149\"><a href=\"https:\/\/ikbalambalaj.com\/en\/sertifikalar\/\">Certificates<\/a><\/li>\n<li id=\"menu-item-3146\"><a href=\"https:\/\/ikbalambalaj.com\/en\/iletisim\/\">Contact<\/a><\/li>\n<\/ul>\t\n\t<h2>\n\t\tOur Products\n\t<\/h2>\n\t\t\t\t\t<ul id=\"menu-urunlerimiz\"><li id=\"menu-item-3478\"><a href=\"https:\/\/ikbalambalaj.com\/en\/urunlerimiz\/sicak-gidalar\/\">Hot Foods<\/a><\/li>\n<li id=\"menu-item-3471\"><a href=\"https:\/\/ikbalambalaj.com\/en\/urunlerimiz\/gida-kovalari\/\">Food Buckets<\/a><\/li>\n<li id=\"menu-item-3473\"><a href=\"https:\/\/ikbalambalaj.com\/en\/urunlerimiz\/karton-kapakli-kaplar\/\">Cardboard Lid Containers<\/a><\/li>\n<li id=\"menu-item-3472\"><a href=\"https:\/\/ikbalambalaj.com\/en\/urunlerimiz\/karton-bardaklar\/\">Cardboard Cups<\/a><\/li>\n<li id=\"menu-item-3475\"><a href=\"https:\/\/ikbalambalaj.com\/en\/urunlerimiz\/kornet-kapaklari\/\">Cornet Covers<\/a><\/li>\n<li id=\"menu-item-3476\"><a href=\"https:\/\/ikbalambalaj.com\/en\/urunlerimiz\/kornet-urunleri\/\">Cornet Products<\/a><\/li>\n<li id=\"menu-item-3469\"><a href=\"https:\/\/ikbalambalaj.com\/en\/urunlerimiz\/calippo\/\">Calippo<\/a><\/li>\n<li id=\"menu-item-3470\"><a href=\"https:\/\/ikbalambalaj.com\/en\/urunlerimiz\/flexo-masterflex-baskili-kutu\/\">Flexo ve Masterflex Printed Box<\/a><\/li>\n<li id=\"menu-item-3474\"><a href=\"https:\/\/ikbalambalaj.com\/en\/urunlerimiz\/kilif\/\">Cover<\/a><\/li>\n<li id=\"menu-item-3477\"><a href=\"https:\/\/ikbalambalaj.com\/en\/urunlerimiz\/ofset-baskili-kutu\/\">Offset Printed Box<\/a><\/li>\n<\/ul>\t\n\t<h2>\n\t\tContact\n\t<\/h2>\n<p><strong>P:<\/strong> +90 342 503 7446<\/p>\n<p><strong>F:<\/strong> +90 541 557 27 27<\/p>\n<p><strong>A :<\/strong> M\u00fccahitler District Street No 52078. No:2 Okan Towers Floor : 8 D : 111 \u015eehitkamil\/Gaziantep<\/p>\n<p><a href=\"https:\/\/api.whatsapp.com\/send?phone=+90%20342%20503%207446%20&amp;text=\"><strong>M :<\/strong> +90 541 557 27 27<\/a><\/p>\n<p><b>E-Posta : <\/b>info@ikbalambalaj.com<\/p>\n\t<p>Copyright \u00a9 2024 \u0130kbal Group \u00ae<\/p>\n\t<p>Web Design<strong><a href=\"https:\/\/www.digitalkure.com\/\" target=\"_blank\" rel=\"noopener\"> Digital K\u00fcre<\/a> \u00ae<\/strong><\/p>","protected":false},"excerpt":{"rendered":"<p>\u0130-1505 Mini K\u0131l\u0131f H\u0131zl\u0131 Men\u00fc &hellip;<\/p>\n<p class=\"read-more\"> <a class=\"\" href=\"https:\/\/ikbalambalaj.com\/en\/urunlerimiz\/kilif\/i-1505-mini-kilif\/\"> <span class=\"screen-reader-text\">I-1505 Mini Cover<\/span> Read More \u00bb<\/a><\/p>","protected":false},"author":2,"featured_media":3324,"parent":3218,"menu_order":0,"comment_status":"closed","ping_status":"closed","template":"","meta":{"_uag_custom_page_level_css":"","site-sidebar-layout":"no-sidebar","site-content-layout":"page-builder","ast-site-content-layout":"full-width-container","site-content-style":"unboxed","site-sidebar-style":"unboxed","ast-global-header-display":"","ast-banner-title-visibility":"","ast-main-header-display":"","ast-hfb-above-header-display":"","ast-hfb-below-header-display":"","ast-hfb-mobile-header-display":"","site-post-title":"disabled","ast-breadcrumbs-content":"","ast-featured-img":"disabled","footer-sml-layout":"","theme-transparent-header-meta":"disabled","adv-header-id-meta":"","stick-header-meta":"","header-above-stick-meta":"","header-main-stick-meta":"","header-below-stick-meta":"","astra-migrate-meta-layouts":"set","footnotes":""},"class_list":["post-3328","page","type-page","status-publish","has-post-thumbnail","hentry"],"acf":[],"uagb_featured_image_src":{"full":["https:\/\/ikbalambalaj.com\/wp-content\/uploads\/2024\/01\/resim-301572_w660_.png",660,660,false],"thumbnail":["https:\/\/ikbalambalaj.com\/wp-content\/uploads\/2024\/01\/resim-301572_w660_-150x150.png",150,150,true],"medium":["https:\/\/ikbalambalaj.com\/wp-content\/uploads\/2024\/01\/resim-301572_w660_-300x300.png",300,300,true],"medium_large":["https:\/\/ikbalambalaj.com\/wp-content\/uploads\/2024\/01\/resim-301572_w660_.png",660,660,false],"large":["https:\/\/ikbalambalaj.com\/wp-content\/uploads\/2024\/01\/resim-301572_w660_.png",660,660,false],"1536x1536":["https:\/\/ikbalambalaj.com\/wp-content\/uploads\/2024\/01\/resim-301572_w660_.png",660,660,false],"2048x2048":["https:\/\/ikbalambalaj.com\/wp-content\/uploads\/2024\/01\/resim-301572_w660_.png",660,660,false],"trp-custom-language-flag":["https:\/\/ikbalambalaj.com\/wp-content\/uploads\/2024\/01\/resim-301572_w660_.png",12,12,false]},"uagb_author_info":{"display_name":"Bora Y\u0131ld\u0131r\u0131m","author_link":"https:\/\/ikbalambalaj.com\/en\/author\/bora\/"},"uagb_comment_info":0,"uagb_excerpt":"\u0130-1505 Mini K\u0131l\u0131f H\u0131zl\u0131 Men\u00fc &hellip; \u0130-1505 Mini K\u0131l\u0131f Read More \u00bb","_links":{"self":[{"href":"https:\/\/ikbalambalaj.com\/en\/wp-json\/wp\/v2\/pages\/3328","targetHints":{"allow":["GET"]}}],"collection":[{"href":"https:\/\/ikbalambalaj.com\/en\/wp-json\/wp\/v2\/pages"}],"about":[{"href":"https:\/\/ikbalambalaj.com\/en\/wp-json\/wp\/v2\/types\/page"}],"author":[{"embeddable":true,"href":"https:\/\/ikbalambalaj.com\/en\/wp-json\/wp\/v2\/users\/2"}],"replies":[{"embeddable":true,"href":"https:\/\/ikbalambalaj.com\/en\/wp-json\/wp\/v2\/comments?post=3328"}],"version-history":[{"count":6,"href":"https:\/\/ikbalambalaj.com\/en\/wp-json\/wp\/v2\/pages\/3328\/revisions"}],"predecessor-version":[{"id":3782,"href":"https:\/\/ikbalambalaj.com\/en\/wp-json\/wp\/v2\/pages\/3328\/revisions\/3782"}],"up":[{"embeddable":true,"href":"https:\/\/ikbalambalaj.com\/en\/wp-json\/wp\/v2\/pages\/3218"}],"wp:featuredmedia":[{"embeddable":true,"href":"https:\/\/ikbalambalaj.com\/en\/wp-json\/wp\/v2\/media\/3324"}],"wp:attachment":[{"href":"https:\/\/ikbalambalaj.com\/en\/wp-json\/wp\/v2\/media?parent=3328"}],"curies":[{"name":"wp","href":"https:\/\/api.w.org\/{rel}","templated":true}]}}