{"id":633,"date":"2022-03-21T07:42:33","date_gmt":"2022-03-21T07:42:33","guid":{"rendered":"https:\/\/ikbalambalaj.com\/about\/"},"modified":"2025-04-25T12:31:04","modified_gmt":"2025-04-25T12:31:04","slug":"kurumsal","status":"publish","type":"page","link":"https:\/\/ikbalambalaj.com\/ar\/kurumsal\/","title":{"rendered":"\u0627\u0644\u0645\u0624\u0633\u0633\u064a\u0629"},"content":{"rendered":"<h1>\n\t\t\u0627\u0644\u0645\u0624\u0633\u0633\u064a\u0629\n\t<\/h1>\n\t<div class=\"ast-breadcrumbs-wrapper\">\n\t\t\t<div class=\"ast-breadcrumbs-inner\"><nav role=\"navigation\" aria-label=\"Breadcrumbs\" class=\"breadcrumb-trail breadcrumbs\" ><div class=\"ast-breadcrumbs\"><ul class=\"trail-items\" ><li  class=\"trail-item trail-end\"><span><a href=\"https:\/\/ikbalambalaj.com\/ar\/\" rel=\"home\"><span >\u0627\u0644\u0631\u0626\u064a\u0633\u064a\u0629<\/span><\/a><\/span><\/li><\/ul><\/div><\/nav><\/div>\n\t\t<\/div>\n<h2>\n\t\t\u0645\u0639\u0644\u0648\u0645\u0627\u062a \u0639\u0646\u0627\n\t<\/h2>\n\t<p><strong>\u062a\u0639\u0645\u0644 \u0634\u0631\u0643\u0629 \u0625\u0642\u0628\u0627\u0644 \u0623\u0645\u0628\u0627\u0644\u0627\u062c \u0641\u064a \u0627\u0644\u0639\u062f\u064a\u062f \u0645\u0646 \u0627\u0644\u0634\u0631\u0643\u0627\u062a \u0627\u0644\u0648\u0637\u0646\u064a\u0629 \u0648\u0627\u0644\u062f\u0648\u0644\u064a\u0629 \u0645\u0646\u0630 \u0639\u0627\u0645 2001\u060c \u0628\u0641\u0636\u0644 \u0623\u062c\u0647\u0632\u062a\u0647\u0627 \u0627\u0644\u062d\u062f\u064a\u062b\u0629 \u0630\u0627\u062a \u0627\u0644\u0645\u0639\u0627\u064a\u064a\u0631 \u0627\u0644\u062f\u0648\u0644\u064a\u0629 \u0648\u0627\u0644\u0645\u0648\u0638\u0641\u064a\u0646 \u0630\u0648\u064a \u0627\u0644\u062e\u0628\u0631\u0629.<\/strong><\/p>\n<p>\u062a\u0628\u0646\u062a \u0634\u0631\u0643\u0629 \u0625\u0642\u0628\u0627\u0644 \u0623\u0645\u0628\u0627\u0644\u0627\u062c \u0645\u0647\u0645\u0629 \u062a\u0642\u062f\u064a\u0645 \u0627\u0644\u0645\u0646\u062a\u062c\u0627\u062a \u0648\u0641\u0642\u064b\u0627 \u0644\u0644\u0645\u0639\u0627\u064a\u064a\u0631 \u0627\u0644\u062f\u0648\u0644\u064a\u0629 \u0645\u0646 \u062e\u0644\u0627\u0644 \u0627\u0644\u0628\u062f\u0621 \u0641\u064a \u0625\u0646\u062a\u0627\u062c \u0623\u0634\u0631\u0637\u0629 \u0627\u0644\u0643\u0627\u0633\u064a\u062a \u0648\u0627\u0644\u0639\u0644\u0628 \u0648\u0627\u0644\u0623\u0628\u0648\u0627\u0642 \u0645\u0646 \u0627\u0644\u0648\u0631\u0642 \u0627\u0644\u0645\u0642\u0648\u0649 \u0641\u064a \u0639\u0627\u0645 . \u062e\u062f\u0645\u0627\u062a\u0646\u0627 \u0645\u062e\u0635\u0635\u0629 \u0644\u0635\u0646\u0627\u0639\u0629 \u0627\u0644\u0623\u063a\u0630\u064a\u0629 \u0648\u0627\u0644\u0645\u0634\u0631\u0648\u0628\u0627\u062a \u0628\u0627\u0644\u0625\u0636\u0627\u0641\u0629 \u0625\u0644\u0649 \u0627\u0644\u0635\u0646\u0627\u062f\u064a\u0642 \u0627\u0644\u0643\u0631\u062a\u0648\u0646\u064a\u0629 \u0648\u0627\u0644\u0635\u0646\u0627\u062f\u064a\u0642 \u0627\u0644\u0635\u063a\u064a\u0631\u0629 \u0648\u0627\u0644\u0637\u0631\u0648\u062f \u0648\u0645\u0627 \u0625\u0644\u0649 \u0630\u0644\u0643 \u0641\u064a \u0635\u0646\u0627\u0639\u0629 \u0627\u0644\u0637\u0628\u0627\u0639\u0629 \u0648\u0627\u0644\u0623\u0648\u0641\u0633\u062a. \u0625\u0646\u0647\u0627 \u062a\u0646\u062a\u062c \u0645\u0646\u062a\u062c\u0627\u062a \u0648\u0641\u0642\u064b\u0627 \u0644\u0644\u0645\u0639\u0627\u064a\u064a\u0631 \u0648\u0627\u0644\u062c\u0648\u062f\u0629 \u0627\u0644\u062f\u0648\u0644\u064a\u0629 \u0645\u0639 \u0641\u0631\u064a\u0642\u0647\u0627 \u0645\u0646 \u0627\u0644\u062e\u0628\u0631\u0627\u0621 \u0648\u0630\u0648\u064a \u0627\u0644\u062e\u0628\u0631\u0629. \u0628\u0641\u0636\u0644 \u0623\u062c\u0647\u0632\u062a\u0646\u0627 \u0627\u0644\u062a\u064a \u062a\u062a\u0648\u0627\u0641\u0642 \u0645\u0639 \u0627\u0644\u0645\u0639\u0627\u064a\u064a\u0631 \u0627\u0644\u062f\u0648\u0644\u064a\u0629\u060c \u0646\u0642\u0648\u0645 \u0628\u062a\u0646\u0641\u064a\u0630 \u0639\u0645\u0644\u064a\u0627\u062a \u0645\u0627 \u0642\u0628\u0644 \u0627\u0644\u0637\u0628\u0627\u0639\u0629 \u0648\u0645\u0627 \u0628\u0639\u062f \u0627\u0644\u0637\u0628\u0627\u0639\u0629 \u0641\u064a \u0645\u0646\u0634\u0622\u062a\u0646\u0627 \u0627\u0644\u062e\u0627\u0635\u0629.<\/p>\n<p>\u0628\u0627\u0639\u062a\u0628\u0627\u0631\u0646\u0627 \u0625\u0642\u0628\u0627\u0644 \u0623\u0645\u0628\u0627\u0644\u0627\u062c\u060c \u0646\u0642\u062f\u0645 \u0644\u0639\u0645\u0644\u0627\u0626\u0646\u0627 \u062a\u062c\u0631\u0628\u0629 \u0645\u0645\u062a\u0627\u0632\u0629 \u0641\u064a \u0627\u0644\u062d\u0641\u0627\u0638 \u0639\u0644\u0649 \u0646\u0643\u0647\u0627\u062a\u0647\u0645 \u0648\u062a\u0642\u062f\u064a\u0645\u0647\u0627. \u062a\u0648\u0641\u0631 \u0627\u0644\u0623\u0648\u0639\u064a\u0629 \u0648\u0627\u0644\u0623\u0628\u0648\u0627\u0642 \u0648\u0627\u0644\u0639\u0644\u0628 \u0627\u0644\u0645\u0635\u0646\u0648\u0639\u0629 \u0645\u0646 \u0627\u0644\u0648\u0631\u0642 \u0627\u0644\u0645\u0642\u0648\u0649 \u0644\u062f\u064a\u0646\u0627 \u062e\u064a\u0627\u0631\u064b\u0627 \u0641\u0639\u0627\u0644\u0627\u064b \u0641\u064a \u0639\u0631\u0636 \u0627\u0644\u0622\u064a\u0633 \u0643\u0631\u064a\u0645 \u0648\u0627\u0644\u062d\u0644\u064a\u0628 \u0627\u0644\u0645\u062e\u0641\u0648\u0642 \u0648\u0627\u0644\u0632\u0628\u0627\u062f\u064a \u0627\u0644\u0645\u062c\u0645\u062f \u0648\u0627\u0644\u0639\u062f\u064a\u062f \u0645\u0646 \u0627\u0644\u0645\u0646\u062a\u062c\u0627\u062a \u0627\u0644\u0623\u062e\u0631\u0649. \u0645\u0646\u062a\u062c\u0627\u062a\u0646\u0627 \u0635\u062d\u064a\u0629 \u0648\u0645\u062a\u064a\u0646\u0629 \u0648\u0635\u062f\u064a\u0642\u0629 \u0644\u0644\u0628\u064a\u0626\u0629.<\/p>\n<p>\u0130kbal Ambalaj, sadece T\u00fcrkiye&#8217;de de\u011fil ayn\u0131 zamanda uluslararas\u0131 d\u00fczeyde de karton ve ambalaj sekt\u00f6r\u00fcnde kaliteli hizmet sunmaktad\u0131r. M\u00fc\u015fteri memnuniyetine verdi\u011fimiz \u00f6nem ve kalite odakl\u0131 yakla\u015f\u0131m\u0131m\u0131z sayesinde, uluslararas\u0131 bir pazarda da sayg\u0131n bir konuma sahibiz.<\/p>\n\u0130kbal Ambalaj olarak, inovasyon ve m\u00fc\u015fteri memnuniyetine odaklanarak b\u00fcy\u00fcmeyi hedefliyoruz.<br \/>\n\u0130kbal Ambalaj olarak, lezzetin ve koruman\u0131n anahtar\u0131n\u0131 sunmaktan gurur duyuyoruz.\n<h2>\n\t\t\u0625\u0646\u062a\u0627\u062c\n\t<\/h2>\n\t<blockquote>\n<h4><strong>\u062a\u0646\u0641\u0630 \u0645\u0646\u0634\u0623\u062a\u0646\u0627 \u0623\u0646\u0634\u0637\u062a\u0647\u0627 \u0628\u0627\u0633\u062a\u062e\u062f\u0627\u0645 \u0623\u062d\u062f\u062b \u0627\u0644\u062a\u0642\u0646\u064a\u0627\u062a \u0648\u0627\u0644\u0622\u0644\u0627\u062a \u0627\u0644\u0623\u0648\u062a\u0648\u0645\u0627\u062a\u064a\u0643\u064a\u0629 \u0628\u0627\u0644\u0643\u0627\u0645\u0644 \u0644\u0635\u0646\u0627\u0639\u0629 \u0627\u0644\u062a\u0639\u0628\u0626\u0629 \u0648\u0627\u0644\u062a\u063a\u0644\u064a\u0641.<br \/>\n<\/strong><\/h4>\n<\/blockquote>\n<p>\u064a\u062a\u0645 \u0634\u062d\u0646 \u062c\u0645\u064a\u0639 \u0645\u0646\u062a\u062c\u0627\u062a\u0646\u0627 \u0625\u0644\u0649 \u0639\u0645\u0644\u0627\u0626\u0646\u0627 \u0639\u0644\u0649 \u0645\u0646\u0635\u0627\u062a \u0646\u0642\u0627\u0644\u0629 \u0648\u0645\u0645\u062f\u0648\u062f\u0629\u060c \u0648\u0628\u0647\u0630\u0647 \u0627\u0644\u0637\u0631\u064a\u0642\u0629 \u064a\u062a\u0645 \u062d\u0645\u0627\u064a\u0629 \u0627\u0644\u0635\u0646\u0627\u062f\u064a\u0642 \u0648\u0627\u0644\u0637\u0631\u0648\u062f \u0645\u0646 \u0627\u0644\u063a\u0628\u0627\u0631 \u0648\u062a\u0644\u0648\u062b \u0627\u0644\u0647\u0648\u0627\u0621 \u0648\u0627\u0644\u0628\u0643\u062a\u064a\u0631\u064a\u0627 \u0627\u0644\u0645\u062e\u062a\u0644\u0641\u0629.<\/p>\n<p>\u0645\u0646 \u062e\u0644\u0627\u0644 \u0627\u0644\u062d\u0641\u0627\u0638 \u0639\u0644\u0649 \u0627\u0644\u0645\u0646\u062a\u062c\u0627\u062a \u0627\u0644\u062a\u064a \u0646\u062d\u062a\u0641\u0638 \u0628\u0647\u0627 \u0641\u064a \u0627\u0644\u0645\u062e\u0632\u0648\u0646 \u0641\u064a \u0645\u0646\u0637\u0642\u0629 \u0646\u0638\u064a\u0641\u0629 \u0648\u0635\u062d\u064a\u0629 \u0641\u064a \u062f\u0631\u062c\u0629 \u0627\u0644\u062d\u0631\u0627\u0631\u0629 \u0648\u0627\u0644\u0631\u0637\u0648\u0628\u0629 \u0627\u0644\u0645\u062d\u064a\u0637\u0629 \u0627\u0644\u0645\u0646\u0627\u0633\u0628\u0629\u060c \u0641\u0625\u0646\u0646\u0627 \u0646\u0645\u0646\u0639 \u062a\u062f\u0647\u0648\u0631 \u062c\u0648\u062f\u0629 \u0645\u0646\u062a\u062c\u0627\u062a\u0646\u0627 \u0648\u0646\u0636\u0645\u0646 \u0639\u0645\u0631\u0647\u0627 \u0627\u0644\u0637\u0648\u064a\u0644.<\/p>\n\t\t\t\t<img decoding=\"async\" src=\"https:\/\/ikbalambalaj.com\/wp-content\/uploads\/2024\/01\/ikbal_white_logo.png\" alt=\"ikbal_white_logo\" title=\"ikbal_white_logo\" itemprop=\"image\"  \/>\n<h2>\n\t\t\u0627\u0644\u0642\u0627\u0626\u0645\u0629 \u0627\u0644\u0633\u0631\u064a\u0639\u0629\n\t<\/h2>\n\t\t\t\t\t<ul id=\"menu-footer\"><li id=\"menu-item-3145\"><a href=\"https:\/\/ikbalambalaj.com\/ar\/\">\u0627\u0644\u0635\u0641\u062d\u0629 \u0627\u0644\u0631\u0626\u064a\u0633\u064a\u0629<\/a><\/li>\n<li id=\"menu-item-3147\"><a href=\"https:\/\/ikbalambalaj.com\/ar\/kurumsal\/\">\u0627\u0644\u0645\u0624\u0633\u0633\u064a\u0629<\/a><\/li>\n<li id=\"menu-item-3150\"><a href=\"https:\/\/ikbalambalaj.com\/ar\/urunlerimiz\/\">\u0627\u0644\u0645\u0646\u062a\u062c\u0627\u062a<\/a><\/li>\n<li id=\"menu-item-3148\"><a href=\"https:\/\/ikbalambalaj.com\/ar\/multimedya\/\">\u0627\u0644\u0648\u0633\u0627\u0626\u0637 \u0627\u0644\u0645\u062a\u0639\u062f\u062f\u0629<\/a><\/li>\n<li id=\"menu-item-3149\"><a href=\"https:\/\/ikbalambalaj.com\/ar\/sertifikalar\/\">\u0627\u0644\u0634\u0647\u0627\u062f\u0627\u062a<\/a><\/li>\n<li id=\"menu-item-3146\"><a href=\"https:\/\/ikbalambalaj.com\/ar\/iletisim\/\">\u0644\u0644\u062a\u0648\u0627\u0635\u0644<\/a><\/li>\n<\/ul>\t\n\t<h2>\n\t\t\u0627\u0644\u0645\u0646\u062a\u062c\u0627\u062a\n\t<\/h2>\n\t\t\t\t\t<ul id=\"menu-urunlerimiz\"><li id=\"menu-item-3471\"><a href=\"https:\/\/ikbalambalaj.com\/ar\/urunlerimiz\/gida-kaplari\/\">G\u0131da Kaplar\u0131<\/a><\/li>\n<li id=\"menu-item-3478\"><a href=\"https:\/\/ikbalambalaj.com\/ar\/urunlerimiz\/karton-kasaler\/\">Karton Kasaler<\/a><\/li>\n<li id=\"menu-item-3472\"><a href=\"https:\/\/ikbalambalaj.com\/ar\/urunlerimiz\/karton-bardaklar\/\">\u0627\u0643\u0648\u0627\u0628 \u0648\u0631\u0642\u064a\u0629<\/a><\/li>\n<li id=\"menu-item-3475\"><a href=\"https:\/\/ikbalambalaj.com\/ar\/urunlerimiz\/kornet-kapaklari\/\">Kornet Karton Kapaklar\u0131<\/a><\/li>\n<li id=\"menu-item-3474\"><a href=\"https:\/\/ikbalambalaj.com\/ar\/urunlerimiz\/kilif\/\">\u0627\u063a\u0637\u064a\u0629 \u0645\u062e\u0631\u0648\u0637\u064a\u0629<\/a><\/li>\n<li id=\"menu-item-3476\"><a href=\"https:\/\/ikbalambalaj.com\/ar\/urunlerimiz\/kornet-urunleri\/\">\u0628\u0633\u0643\u062a \u0643\u0648\u0631\u0646\u062a \u0645\u062d\u0644\u0649<\/a><\/li>\n<li id=\"menu-item-3469\"><a href=\"https:\/\/ikbalambalaj.com\/ar\/urunlerimiz\/calippo\/\">\u0643\u0627\u0644\u064a\u0628\u0648<\/a><\/li>\n<\/ul>\t\n\t<h2>\n\t\t\u0644\u0644\u062a\u0648\u0627\u0635\u0644\n\t<\/h2>\n<p><strong>\u062a:<\/strong> +90 342 503 7446<\/p>\n<p><strong>F:<\/strong> +90 541 557 27 27<\/p>\n<p><strong>A :<\/strong> Organize Sanayi B\u00f6lgesi Mah. 26 Nolu Cadde No : 6 <strong>Kilis \/ Merkez<\/strong><\/p>\n<p><a href=\"https:\/\/api.whatsapp.com\/send?phone=+90%20342%20503%207446%20&amp;text=\"><strong>M :<\/strong> +90 541 557 27 27<\/a><\/p>\n<p><b>E-Posta : <\/b>info@ikbalambalaj.com<\/p>\n\t<p>Copyright \u00a9 2024 \u0130kbal Group \u00ae<\/p>\n\t<p>\u062a\u0635\u0645\u064a\u0645 \u0627\u0644\u0645\u0648\u0627\u0642\u0639<strong><a href=\"https:\/\/www.digitalkure.com\/\" target=\"_blank\" rel=\"noopener\"> Digital K\u00fcre<\/a> \u00ae<\/strong><\/p>","protected":false},"excerpt":{"rendered":"<p>Hakk\u0131m\u0131zda \u0130kbal Ambalaj, 2001 y\u0131l\u0131ndan &hellip;<\/p>\n<p class=\"read-more\"> <a class=\"\" href=\"https:\/\/ikbalambalaj.com\/ar\/kurumsal\/\"> <span class=\"screen-reader-text\">\u0627\u0644\u0645\u0624\u0633\u0633\u064a\u0629<\/span> \u0627\u0642\u0631\u0623 \u0627\u0644\u0645\u0632\u064a\u062f \u00bb<\/a><\/p>","protected":false},"author":2,"featured_media":0,"parent":0,"menu_order":0,"comment_status":"closed","ping_status":"closed","template":"","meta":{"_uag_custom_page_level_css":"","site-sidebar-layout":"no-sidebar","site-content-layout":"page-builder","ast-site-content-layout":"full-width-container","site-content-style":"unboxed","site-sidebar-style":"unboxed","ast-global-header-display":"","ast-banner-title-visibility":"","ast-main-header-display":"","ast-hfb-above-header-display":"","ast-hfb-below-header-display":"","ast-hfb-mobile-header-display":"","site-post-title":"disabled","ast-breadcrumbs-content":"","ast-featured-img":"disabled","footer-sml-layout":"","theme-transparent-header-meta":"disabled","adv-header-id-meta":"","stick-header-meta":"","header-above-stick-meta":"","header-main-stick-meta":"","header-below-stick-meta":"","astra-migrate-meta-layouts":"set","footnotes":""},"class_list":["post-633","page","type-page","status-publish","hentry"],"acf":[],"uagb_featured_image_src":{"full":false,"thumbnail":false,"medium":false,"medium_large":false,"large":false,"1536x1536":false,"2048x2048":false,"trp-custom-language-flag":false},"uagb_author_info":{"display_name":"Bora Y\u0131ld\u0131r\u0131m","author_link":"https:\/\/ikbalambalaj.com\/ar\/author\/bora\/"},"uagb_comment_info":0,"uagb_excerpt":"Hakk\u0131m\u0131zda \u0130kbal Ambalaj, 2001 y\u0131l\u0131ndan &hellip; Kurumsal \u0627\u0642\u0631\u0623 \u0627\u0644\u0645\u0632\u064a\u062f \u00bb","_links":{"self":[{"href":"https:\/\/ikbalambalaj.com\/ar\/wp-json\/wp\/v2\/pages\/633","targetHints":{"allow":["GET"]}}],"collection":[{"href":"https:\/\/ikbalambalaj.com\/ar\/wp-json\/wp\/v2\/pages"}],"about":[{"href":"https:\/\/ikbalambalaj.com\/ar\/wp-json\/wp\/v2\/types\/page"}],"author":[{"embeddable":true,"href":"https:\/\/ikbalambalaj.com\/ar\/wp-json\/wp\/v2\/users\/2"}],"replies":[{"embeddable":true,"href":"https:\/\/ikbalambalaj.com\/ar\/wp-json\/wp\/v2\/comments?post=633"}],"version-history":[{"count":12,"href":"https:\/\/ikbalambalaj.com\/ar\/wp-json\/wp\/v2\/pages\/633\/revisions"}],"predecessor-version":[{"id":4101,"href":"https:\/\/ikbalambalaj.com\/ar\/wp-json\/wp\/v2\/pages\/633\/revisions\/4101"}],"wp:attachment":[{"href":"https:\/\/ikbalambalaj.com\/ar\/wp-json\/wp\/v2\/media?parent=633"}],"curies":[{"name":"wp","href":"https:\/\/api.w.org\/{rel}","templated":true}]}}