{"id":3126,"date":"2024-01-10T12:30:05","date_gmt":"2024-01-10T12:30:05","guid":{"rendered":"https:\/\/ikbalambalaj.com\/?page_id=3126"},"modified":"2024-02-16T09:29:35","modified_gmt":"2024-02-16T09:29:35","slug":"multimedya","status":"publish","type":"page","link":"https:\/\/ikbalambalaj.com\/ar\/multimedya\/","title":{"rendered":"\u0627\u0644\u0648\u0633\u0627\u0626\u0637 \u0627\u0644\u0645\u062a\u0639\u062f\u062f\u0629"},"content":{"rendered":"<h1>\n\t\t\u0627\u0644\u0648\u0633\u0627\u0626\u0637 \u0627\u0644\u0645\u062a\u0639\u062f\u062f\u0629\n\t<\/h1>\n\t<div class=\"ast-breadcrumbs-wrapper\">\n\t\t\t<div class=\"ast-breadcrumbs-inner\"><nav role=\"navigation\" aria-label=\"Breadcrumbs\" class=\"breadcrumb-trail breadcrumbs\" ><div class=\"ast-breadcrumbs\"><ul class=\"trail-items\" ><li  class=\"trail-item trail-end\"><span><a href=\"https:\/\/ikbalambalaj.com\/ar\/\" rel=\"home\"><span >\u0627\u0644\u0631\u0626\u064a\u0633\u064a\u0629<\/span><\/a><\/span><\/li><\/ul><\/div><\/nav><\/div>\n\t\t<\/div>\n\t\t\t\t\t\t\t\t\t\t\t\t\t\t<a href=\"https:\/\/ikbalambalaj.com\/ar\/fuarlar\/prod-expo-2024-moscow\/\" target=\"_self\" title=\"PROD EXPO 2024 Moscow\" rel=\"noopener\">\n\t\t\t\t<img decoding=\"async\" src=\"\" alt=\"\" \/>\n\t\t\t\t<\/a>\n\t\t\t\t\t\t<h2>\n\t\t\t\t<a href=\"https:\/\/ikbalambalaj.com\/ar\/fuarlar\/prod-expo-2024-moscow\/\" title=\"PROD EXPO 2024 Moscow\" tabindex=\"0\">PROD EXPO 2024 Moscow<\/a>\t\t\t<\/h2>\n\t\t\t\t\t\t\t\t\t\t\t\t\t\t<a href=\"https:\/\/ikbalambalaj.com\/ar\/fuarlar\/sigep-rimini-2023-italya\/\" target=\"_self\" title=\"S\u0130GEP RIMINI 2023 \u0130talya\" rel=\"noopener\">\n\t\t\t\t<img decoding=\"async\" src=\"https:\/\/ikbalambalaj.com\/wp-content\/uploads\/2024\/01\/kapak-4-300x300.jpeg\" alt=\"\" \/>\n\t\t\t\t<\/a>\n\t\t\t\t\t\t<h2>\n\t\t\t\t<a href=\"https:\/\/ikbalambalaj.com\/ar\/fuarlar\/sigep-rimini-2023-italya\/\" title=\"S\u0130GEP RIMINI 2023 \u0130talya\" tabindex=\"0\">S\u0130GEP RIMINI 2023 \u0130talya<\/a>\t\t\t<\/h2>\n\t\t\t\t\t\t\t\t\t\t\t\t\t\t<a href=\"https:\/\/ikbalambalaj.com\/ar\/fuarlar\/gulfood-2022-dubai\/\" target=\"_self\" title=\"GULFOOD 2022 Dubai\" rel=\"noopener\">\n\t\t\t\t<img decoding=\"async\" src=\"https:\/\/ikbalambalaj.com\/wp-content\/uploads\/2024\/01\/kapak-3-300x300.jpeg\" alt=\"\" \/>\n\t\t\t\t<\/a>\n\t\t\t\t\t\t<h2>\n\t\t\t\t<a href=\"https:\/\/ikbalambalaj.com\/ar\/fuarlar\/gulfood-2022-dubai\/\" title=\"GULFOOD 2022 Dubai\" tabindex=\"0\">GULFOOD 2022 Dubai<\/a>\t\t\t<\/h2>\n\t\t\t\t\t\t\t\t\t\t\t\t\t\t<a href=\"https:\/\/ikbalambalaj.com\/ar\/fuarlar\/avrasya-tuyap-2022-istanbul\/\" target=\"_self\" title=\"AVRASYA T\u00dcYAP 2022 \u0130stanbul\" rel=\"noopener\">\n\t\t\t\t<img decoding=\"async\" src=\"https:\/\/ikbalambalaj.com\/wp-content\/uploads\/2024\/01\/kapak-2-300x300.jpeg\" alt=\"\" \/>\n\t\t\t\t<\/a>\n\t\t\t\t\t\t<h2>\n\t\t\t\t<a href=\"https:\/\/ikbalambalaj.com\/ar\/fuarlar\/avrasya-tuyap-2022-istanbul\/\" title=\"AVRASYA T\u00dcYAP 2022 \u0130stanbul\" tabindex=\"0\">AVRASYA T\u00dcYAP 2022 \u0130stanbul<\/a>\t\t\t<\/h2>\n\t\t\t\t\t\t\t\t\t\t\t\t\t\t<a href=\"https:\/\/ikbalambalaj.com\/ar\/fuarlar\/avrasya-tuyap-2021-istanbul\/\" target=\"_self\" title=\"AVRASYA T\u00dcYAP 2021 \u0130stanbul\" rel=\"noopener\">\n\t\t\t\t<img decoding=\"async\" src=\"https:\/\/ikbalambalaj.com\/wp-content\/uploads\/2024\/01\/kapak-1-300x300.jpg\" alt=\"\" \/>\n\t\t\t\t<\/a>\n\t\t\t\t\t\t<h2>\n\t\t\t\t<a href=\"https:\/\/ikbalambalaj.com\/ar\/fuarlar\/avrasya-tuyap-2021-istanbul\/\" title=\"AVRASYA T\u00dcYAP 2021 \u0130stanbul\" tabindex=\"0\">AVRASYA T\u00dcYAP 2021 \u0130stanbul<\/a>\t\t\t<\/h2>\n\t\t\t\t\t\t\t\t\t\t\t\t\t\t<a href=\"https:\/\/ikbalambalaj.com\/ar\/fuarlar\/agro-pack-2021-erbil\/\" target=\"_self\" title=\"AGRO PACK 2021 Erbil\" rel=\"noopener\">\n\t\t\t\t<img decoding=\"async\" src=\"https:\/\/ikbalambalaj.com\/wp-content\/uploads\/2024\/01\/kapak-300x300.jpg\" alt=\"\" \/>\n\t\t\t\t<\/a>\n\t\t\t\t\t\t<h2>\n\t\t\t\t<a href=\"https:\/\/ikbalambalaj.com\/ar\/fuarlar\/agro-pack-2021-erbil\/\" title=\"AGRO PACK 2021 Erbil\" tabindex=\"0\">AGRO PACK 2021 Erbil<\/a>\t\t\t<\/h2>\n\t\t\t\t\t\t\t\t\t\t\t\t\t\t<a href=\"https:\/\/ikbalambalaj.com\/ar\/fuarlar\/libya-food-2020\/\" target=\"_self\" title=\"Libya FOOD 2020\" rel=\"noopener\">\n\t\t\t\t<img decoding=\"async\" src=\"https:\/\/ikbalambalaj.com\/wp-content\/uploads\/2024\/01\/kapak-1-300x300.jpeg\" alt=\"\" \/>\n\t\t\t\t<\/a>\n\t\t\t\t\t\t<h2>\n\t\t\t\t<a href=\"https:\/\/ikbalambalaj.com\/ar\/fuarlar\/libya-food-2020\/\" title=\"Libya FOOD 2020\" tabindex=\"0\">Libya FOOD 2020<\/a>\t\t\t<\/h2>\n\t\t\t\t\t\t\t\t\t\t\t\t\t\t<a href=\"https:\/\/ikbalambalaj.com\/ar\/fuarlar\/agro-pack-2018-erbil\/\" target=\"_self\" title=\"AGRO PACK 2018 Erbil\" rel=\"noopener\">\n\t\t\t\t<img decoding=\"async\" src=\"https:\/\/ikbalambalaj.com\/wp-content\/uploads\/2024\/01\/KAPAK-300x300.jpeg\" alt=\"\" \/>\n\t\t\t\t<\/a>\n\t\t\t\t\t\t<h2>\n\t\t\t\t<a href=\"https:\/\/ikbalambalaj.com\/ar\/fuarlar\/agro-pack-2018-erbil\/\" title=\"AGRO PACK 2018 Erbil\" tabindex=\"0\">AGRO PACK 2018 Erbil<\/a>\t\t\t<\/h2>\n\t\t\t\t<img decoding=\"async\" src=\"https:\/\/ikbalambalaj.com\/wp-content\/uploads\/2024\/01\/ikbal_white_logo.png\" alt=\"ikbal_white_logo\" title=\"ikbal_white_logo\" itemprop=\"image\"  \/>\n<h2>\n\t\t\u0627\u0644\u0642\u0627\u0626\u0645\u0629 \u0627\u0644\u0633\u0631\u064a\u0639\u0629\n\t<\/h2>\n\t\t\t\t\t<ul id=\"menu-footer\"><li id=\"menu-item-3145\"><a href=\"https:\/\/ikbalambalaj.com\/ar\/\">\u0627\u0644\u0635\u0641\u062d\u0629 \u0627\u0644\u0631\u0626\u064a\u0633\u064a\u0629<\/a><\/li>\n<li id=\"menu-item-3147\"><a href=\"https:\/\/ikbalambalaj.com\/ar\/kurumsal\/\">\u0627\u0644\u0645\u0624\u0633\u0633\u064a\u0629<\/a><\/li>\n<li id=\"menu-item-3150\"><a href=\"https:\/\/ikbalambalaj.com\/ar\/urunlerimiz\/\">\u0627\u0644\u0645\u0646\u062a\u062c\u0627\u062a<\/a><\/li>\n<li id=\"menu-item-3148\"><a href=\"https:\/\/ikbalambalaj.com\/ar\/multimedya\/\">\u0627\u0644\u0648\u0633\u0627\u0626\u0637 \u0627\u0644\u0645\u062a\u0639\u062f\u062f\u0629<\/a><\/li>\n<li id=\"menu-item-3149\"><a href=\"https:\/\/ikbalambalaj.com\/ar\/sertifikalar\/\">\u0627\u0644\u0634\u0647\u0627\u062f\u0627\u062a<\/a><\/li>\n<li id=\"menu-item-3146\"><a href=\"https:\/\/ikbalambalaj.com\/ar\/iletisim\/\">\u0644\u0644\u062a\u0648\u0627\u0635\u0644<\/a><\/li>\n<\/ul>\t\n\t<h2>\n\t\t\u0627\u0644\u0645\u0646\u062a\u062c\u0627\u062a\n\t<\/h2>\n\t\t\t\t\t<ul id=\"menu-urunlerimiz\"><li id=\"menu-item-3478\"><a href=\"https:\/\/ikbalambalaj.com\/ar\/urunlerimiz\/sicak-gidalar\/\">\u0643\u0624\u0648\u0633 \u0644\u0644\u0645\u0646\u062a\u062c\u0627\u062a \u0627\u0644\u0633\u0627\u062e\u0646\u0629<\/a><\/li>\n<li id=\"menu-item-3471\"><a href=\"https:\/\/ikbalambalaj.com\/ar\/urunlerimiz\/gida-kovalari\/\">\u0633\u0637\u0648\u0644 \u0644\u0644\u0637\u0639\u0627\u0645<\/a><\/li>\n<li id=\"menu-item-3473\"><a href=\"https:\/\/ikbalambalaj.com\/ar\/urunlerimiz\/karton-kapakli-kaplar\/\">\u0643\u0624\u0648\u0633 \u0643\u0631\u062a\u0648\u0646<\/a><\/li>\n<li id=\"menu-item-3472\"><a href=\"https:\/\/ikbalambalaj.com\/ar\/urunlerimiz\/karton-bardaklar\/\">\u0627\u0643\u0648\u0627\u0628 \u0648\u0631\u0642\u064a\u0629<\/a><\/li>\n<li id=\"menu-item-3475\"><a href=\"https:\/\/ikbalambalaj.com\/ar\/urunlerimiz\/kornet-kapaklari\/\">\u063a\u0637\u0627\u0621 \u0643\u0648\u0631\u0646\u062a<\/a><\/li>\n<li id=\"menu-item-3476\"><a href=\"https:\/\/ikbalambalaj.com\/ar\/urunlerimiz\/kornet-urunleri\/\">\u0628\u0633\u0643\u062a \u0643\u0648\u0631\u0646\u062a \u0645\u062d\u0644\u0649<\/a><\/li>\n<li id=\"menu-item-3469\"><a href=\"https:\/\/ikbalambalaj.com\/ar\/urunlerimiz\/calippo\/\">\u0643\u0627\u0644\u064a\u0628\u0648<\/a><\/li>\n<li id=\"menu-item-3470\"><a href=\"https:\/\/ikbalambalaj.com\/ar\/urunlerimiz\/flexo-masterflex-baskili-kutu\/\">\u0635\u0646\u062f\u0648\u0642 \u0637\u0628\u0627\u0639\u0629 \u0641\u0644\u0643\u0633\u0648 \u0648\u0645\u0627\u0633\u062a\u0631 \u0641\u0644\u0643\u0633<\/a><\/li>\n<li id=\"menu-item-3474\"><a href=\"https:\/\/ikbalambalaj.com\/ar\/urunlerimiz\/kilif\/\">\u0627\u063a\u0637\u064a\u0629 \u0645\u062e\u0631\u0648\u0637\u064a\u0629<\/a><\/li>\n<li id=\"menu-item-3477\"><a href=\"https:\/\/ikbalambalaj.com\/ar\/urunlerimiz\/ofset-baskili-kutu\/\">\u0635\u0646\u062f\u0648\u0642 \u0637\u0628\u0627\u0639\u0629 \u0623\u0648\u0641\u0633\u062a<\/a><\/li>\n<\/ul>\t\n\t<h2>\n\t\t\u0644\u0644\u062a\u0648\u0627\u0635\u0644\n\t<\/h2>\n<p><strong>\u062a:<\/strong> +90 342 503 7446<\/p>\n<p><strong>F:<\/strong> +90 541 557 27 27<\/p>\n<p><strong>A :<\/strong> M\u00fccahitler Mah. 52078 Nolu Cad. No:2 Okan Towers Kat : 8 D : 111 \u015eehitkamil\/Gaziantep<\/p>\n<p><a href=\"https:\/\/api.whatsapp.com\/send?phone=+90%20342%20503%207446%20&amp;text=\"><strong>M :<\/strong> +90 541 557 27 27<\/a><\/p>\n<p><b>E-Posta : <\/b>info@ikbalambalaj.com<\/p>\n\t<p>Copyright \u00a9 2024 \u0130kbal Group \u00ae<\/p>\n\t<p>\u062a\u0635\u0645\u064a\u0645 \u0627\u0644\u0645\u0648\u0627\u0642\u0639<strong><a href=\"https:\/\/www.digitalkure.com\/\" target=\"_blank\" rel=\"noopener\"> Digital K\u00fcre<\/a> \u00ae<\/strong><\/p>","protected":false},"excerpt":{"rendered":"<p>PROD EXPO 2024 Moscow S\u0130GEP &hellip;<\/p>\n<p class=\"read-more\"> <a class=\"\" href=\"https:\/\/ikbalambalaj.com\/ar\/multimedya\/\"> <span class=\"screen-reader-text\">\u0627\u0644\u0648\u0633\u0627\u0626\u0637 \u0627\u0644\u0645\u062a\u0639\u062f\u062f\u0629<\/span> \u0627\u0642\u0631\u0623 \u0627\u0644\u0645\u0632\u064a\u062f \u00bb<\/a><\/p>","protected":false},"author":2,"featured_media":0,"parent":0,"menu_order":0,"comment_status":"closed","ping_status":"closed","template":"","meta":{"_uag_custom_page_level_css":"","site-sidebar-layout":"no-sidebar","site-content-layout":"page-builder","ast-site-content-layout":"full-width-container","site-content-style":"unboxed","site-sidebar-style":"unboxed","ast-global-header-display":"","ast-banner-title-visibility":"","ast-main-header-display":"","ast-hfb-above-header-display":"","ast-hfb-below-header-display":"","ast-hfb-mobile-header-display":"","site-post-title":"disabled","ast-breadcrumbs-content":"","ast-featured-img":"disabled","footer-sml-layout":"","theme-transparent-header-meta":"disabled","adv-header-id-meta":"","stick-header-meta":"","header-above-stick-meta":"","header-main-stick-meta":"","header-below-stick-meta":"","astra-migrate-meta-layouts":"set","footnotes":""},"class_list":["post-3126","page","type-page","status-publish","hentry"],"acf":[],"uagb_featured_image_src":{"full":false,"thumbnail":false,"medium":false,"medium_large":false,"large":false,"1536x1536":false,"2048x2048":false,"trp-custom-language-flag":false},"uagb_author_info":{"display_name":"Bora Y\u0131ld\u0131r\u0131m","author_link":"https:\/\/ikbalambalaj.com\/ar\/author\/bora\/"},"uagb_comment_info":0,"uagb_excerpt":"PROD EXPO 2024 Moscow S\u0130GEP &hellip; Multimedya \u0627\u0642\u0631\u0623 \u0627\u0644\u0645\u0632\u064a\u062f \u00bb","_links":{"self":[{"href":"https:\/\/ikbalambalaj.com\/ar\/wp-json\/wp\/v2\/pages\/3126","targetHints":{"allow":["GET"]}}],"collection":[{"href":"https:\/\/ikbalambalaj.com\/ar\/wp-json\/wp\/v2\/pages"}],"about":[{"href":"https:\/\/ikbalambalaj.com\/ar\/wp-json\/wp\/v2\/types\/page"}],"author":[{"embeddable":true,"href":"https:\/\/ikbalambalaj.com\/ar\/wp-json\/wp\/v2\/users\/2"}],"replies":[{"embeddable":true,"href":"https:\/\/ikbalambalaj.com\/ar\/wp-json\/wp\/v2\/comments?post=3126"}],"version-history":[{"count":3,"href":"https:\/\/ikbalambalaj.com\/ar\/wp-json\/wp\/v2\/pages\/3126\/revisions"}],"predecessor-version":[{"id":3859,"href":"https:\/\/ikbalambalaj.com\/ar\/wp-json\/wp\/v2\/pages\/3126\/revisions\/3859"}],"wp:attachment":[{"href":"https:\/\/ikbalambalaj.com\/ar\/wp-json\/wp\/v2\/media?parent=3126"}],"curies":[{"name":"wp","href":"https:\/\/api.w.org\/{rel}","templated":true}]}}